{"id":28,"date":"2022-11-01T09:13:21","date_gmt":"2022-11-01T09:13:21","guid":{"rendered":"http:\/\/vaala.org\/art-exhibitions\/on-refuge\/?page_id=28"},"modified":"2025-12-10T20:49:25","modified_gmt":"2025-12-10T20:49:25","slug":"home","status":"publish","type":"page","link":"https:\/\/vaala.org\/art-exhibitions\/on-refuge\/","title":{"rendered":"Homepage"},"content":{"rendered":"\n<section id=\"homepage-container\" class=\"wp-block-gutentor-m3 section-g-r1n4ez1 gutentor-module gutentor-container-cover homepage\"><div class=\"grid-container\">\n<figure class=\"wp-block-image size-large\"><img loading=\"lazy\" decoding=\"async\" width=\"1024\" height=\"683\" src=\"https:\/\/vaala.org\/art-exhibitions\/on-refuge\/wp-content\/uploads\/2025\/09\/onrefuge25_postcard_back-1024x683.png\" alt=\"\" class=\"wp-image-2255\" srcset=\"https:\/\/vaala.org\/art-exhibitions\/on-refuge\/wp-content\/uploads\/2025\/09\/onrefuge25_postcard_back-1024x683.png 1024w, https:\/\/vaala.org\/art-exhibitions\/on-refuge\/wp-content\/uploads\/2025\/09\/onrefuge25_postcard_back-300x200.png 300w, https:\/\/vaala.org\/art-exhibitions\/on-refuge\/wp-content\/uploads\/2025\/09\/onrefuge25_postcard_back-768x512.png 768w, https:\/\/vaala.org\/art-exhibitions\/on-refuge\/wp-content\/uploads\/2025\/09\/onrefuge25_postcard_back-1536x1024.png 1536w, https:\/\/vaala.org\/art-exhibitions\/on-refuge\/wp-content\/uploads\/2025\/09\/onrefuge25_postcard_back-1200x800.png 1200w, https:\/\/vaala.org\/art-exhibitions\/on-refuge\/wp-content\/uploads\/2025\/09\/onrefuge25_postcard_back-900x600.png 900w, https:\/\/vaala.org\/art-exhibitions\/on-refuge\/wp-content\/uploads\/2025\/09\/onrefuge25_postcard_back-400x267.png 400w, https:\/\/vaala.org\/art-exhibitions\/on-refuge\/wp-content\/uploads\/2025\/09\/onrefuge25_postcard_back.png 1800w\" sizes=\"(max-width: 1024px) 100vw, 1024px\" \/><\/figure>\n\n\n\n<section id=\"g-ixfie6p\" class=\"wp-block-gutentor-m3 section-g-ixfie6p gutentor-module gutentor-container-cover\"><div class=\"grid-container\">\n<div style=\"height:36px\" aria-hidden=\"true\" class=\"wp-block-spacer\"><\/div>\n\n\n\n<h1 class=\"wp-block-heading has-text-align-center\"><em><strong>On Refuge: 50 Years of Recomposition<\/strong><\/em><\/h1>\n\n\n\n<p class=\"has-text-align-center\">Curated by <a href=\"http:\/\/vaala.org\/art-exhibitions\/on-refuge\/curator\/\">Audrey B\u00f9i<\/a><\/p>\n\n\n\n<p class=\"has-text-align-center\">Exhibition dates: <strong><strong>October 4 \u2013 October 24, 2025<\/strong><\/strong><br>Opening Reception: <strong>Saturday, October 4, 6\u201310 PM<\/strong><br>Gallery Hours: <strong>Monday-Saturday, 12-8 PM<\/strong><\/p>\n\n\n\n<p class=\"has-text-align-center\"><strong>Orange County Center for Contemporary Art (OCCCA)<br><\/strong>117 N Sycamore St, Santa Ana, CA 92701<br>Gallery Hours: Thursday\u2013Sunday, 12\u20135 PM<\/p>\n\n\n\n<p><strong>Santa Ana, CA<\/strong> \u2014 The <a href=\"https:\/\/vaala.org\/\">Vietnamese American Arts &amp; Letters Association<\/a> (VAALA) proudly presents <strong><em>On Refuge: 50 Years of Recomposition<\/em><\/strong> through its <a href=\"https:\/\/vaala.org\/what-we-do\/gallery-beyond-walls\/\"><em>Gallery Beyond Walls<\/em><\/a> initiative, commemorating the 50th anniversary of the Vietnamese American community. On view from <strong>October 4 to October 24, 2025<\/strong> at the <strong>Orange County Center for Contemporary Art<\/strong>, the exhibition brings together 13 multi-generational Vietnamese artists whose works explore the evolving landscape of Vietnamese identity in America.&nbsp;<\/p>\n\n\n\n<p>Featuring artists <strong>Angela Anh Nguyen, An H\u00e0, Anh Dao Ha, Anh Nguyen, Ann L\u00ea, \u0110an Lynh Ph\u1ea1m, Dinh Q. L\u00ea, Felisa Nguy\u1ec5n, H\u00f9ng L\u00ea, Huyen Tran, Phung Huynh, Tuan Andrew Nguyen,<\/strong> and <strong>Vivian Tran<\/strong>, <em>On Refuge<\/em> reflects on the past five decades while envisioning the future. Through painting, photography, textiles, media, and mixed media installations, the exhibition engages with \u201chow the Vietnamese American community is carried, embodied, and continued\u201d.<\/p>\n\n\n\n<p>Curator Audrey Bui describes the exhibition\u2019s thematic focus: \u201cRecomposition, a strong theme in the shown works, manifests in different homages to family, community, physical cities, photographs, textiles, media, and lasting, but also, changing legacies. There is an intentional blurring and distortion of familial structures, traditions, and cultural objects that both manipulate and investigate memory in a way that prompts generative conversations on language and inheritance.\u201d<\/p>\n\n\n\n<p><strong><em>On Refuge: 50 Years of Recomposition<\/em><\/strong> invites viewers to engage with works that hold legacy and resistance hand in hand, provoking the honoring and reworking of collective memory while reflecting on how the Vietnamese American story is carried forward through continuity and change.<\/p>\n<\/div><\/section>\n\n\n\n<p class=\"has-text-align-center\"><\/p>\n\n\n\n<section id=\"g-s834qg6\" class=\"wp-block-gutentor-m3 section-g-s834qg6 gutentor-module gutentor-container-cover\"><div class=\"grid-container\">\n<figure class=\"wp-block-embed is-type-video is-provider-youtube wp-block-embed-youtube wp-embed-aspect-16-9 wp-has-aspect-ratio\"><div class=\"wp-block-embed__wrapper\">\n<iframe loading=\"lazy\" title=\"Opening Night Reception for On Refuge: 50 Years of Recomposition\" width=\"960\" height=\"540\" src=\"https:\/\/www.youtube.com\/embed\/BnSigwQxwqY?feature=oembed\" frameborder=\"0\" allow=\"accelerometer; autoplay; clipboard-write; encrypted-media; gyroscope; picture-in-picture; web-share\" referrerpolicy=\"strict-origin-when-cross-origin\" allowfullscreen><\/iframe>\n<\/div><\/figure>\n<\/div><\/section>\n\n\n\n<section id=\"g-x88f5el\" class=\"wp-block-gutentor-m3 section-g-x88f5el gutentor-module gutentor-container-cover\"><div class=\"grid-container\">\n<h2 class=\"wp-block-heading has-text-align-left\">About the Exhibition<\/h2>\n\n\n\n<p>Optimistically, 2025 marks the 50th anniversary of the establishment of the Vietnamese American community. To reflect over the last 50 years, the Vietnamese American Arts &amp; Letters Association (VAALA) \u2019s Gallery Beyond Walls works to acknowledge the ever changing terrain of being Vietnamese in its different contexts.&nbsp;<\/p>\n\n\n\n<p><em>On Refuge: 50 Years of Recomposition<\/em> highlights 13 varied, multi-generational Vietnamese artists, and their work that articulates the nuances of the Vietnamese American community today. The featured works collaboratively hold both legacy and resistance hand in hand, provoking the honoring and reworking of collective memory.<\/p>\n\n\n\n<p>With fondness, <em>On Refuge<\/em> takes the essence of memory, in conjunction with growth, to show the things that were transplanted from Vietnam to the United States and how they have modified while staying rooted in community \u2013 albeit in different formats. As a reflection of the last fifty years, the show works to create a space in which individuality and perspective through the personal interpretation of \u201cVietnameseness\u201d in America is both felt and worn.<\/p>\n\n\n\n<p>Recomposition, a strong theme in the shown works, manifests in different homages to family, community, physical cities, photographs, textiles, media, and lasting, but also, changing legacies. There is an intentional blurring and distortion of familial structures, traditions, and cultural objects that both manipulate and investigate memory in a way that prompts generative conversations on language and inheritance. The works capitalize on how the inheritance of physical objects and cultural memories can contest the notions of rootedness and spirituality.&nbsp;<\/p>\n\n\n\n<p>With the 50th anniversary of the establishment of the Vietnamese American community, and what fifty years could possibly mean \u2013&nbsp; <em>On Refuge: 50 Years of Recomposition<\/em> reckons with the return of cultural ownership, the entanglement of history, and how the Vietnamese American community is carried, embodied, and continued.&nbsp;<\/p>\n\n\n\n<div style=\"height:22px\" aria-hidden=\"true\" class=\"wp-block-spacer\"><\/div>\n\n\n\n<h2 class=\"wp-block-heading has-text-align-left\">About the Vietnamese American Arts &amp; Letters Association<\/h2>\n\n\n\n<p>VAALA was founded in 1991 by a group of Vietnamese American journalists, artists, and friends to fill a void in the community and provide a space for newly resettled immigrant artists to express themselves. VAALA\u2019s mission is to connect and enrich communities through Vietnamese art and culture. Historically run entirely by volunteers, VAALA is a community-based non-profit organization. Over the years, VAALA has collaborated with diverse community partners to organize numerous cultural and artistic events. VAALA\u2019s four core programs include the annual Viet Film Fest and Viet Book Fest, the Gallery Beyond Walls program featuring art exhibitions, and free art and film workshops for youth, such as Youth in Motion: A Filmmaking Workshop for Emerging Filmmakers.<\/p>\n<\/div><\/section>\n<\/div><\/section>\n\n\n\n<div class=\"wp-block-buttons is-content-justification-center is-layout-flex wp-container-core-buttons-is-layout-1 wp-block-buttons-is-layout-flex\">\n<div class=\"wp-block-button\"><a class=\"wp-block-button__link wp-element-button\" href=\"https:\/\/vaala.org\/\" target=\"_blank\" rel=\"noreferrer noopener\">Learn More<\/a><\/div>\n<\/div>\n\n\n\n<div class=\"wp-block-columns is-layout-flex wp-container-core-columns-is-layout-1 wp-block-columns-is-layout-flex\">\n<div class=\"wp-block-column is-layout-flow wp-block-column-is-layout-flow\"><\/div>\n\n\n\n<div class=\"wp-block-column is-layout-flow wp-block-column-is-layout-flow\"><div class=\"wp-block-image vaala-logo\">\n<figure class=\"aligncenter size-large\"><img loading=\"lazy\" decoding=\"async\" width=\"1024\" height=\"322\" src=\"https:\/\/vaala.org\/art-exhibitions\/on-refuge\/wp-content\/uploads\/2025\/09\/VAALA-logo-RGB-1024x322.png\" alt=\"\" class=\"wp-image-2260\" style=\"object-fit:cover\" srcset=\"https:\/\/vaala.org\/art-exhibitions\/on-refuge\/wp-content\/uploads\/2025\/09\/VAALA-logo-RGB-1024x322.png 1024w, https:\/\/vaala.org\/art-exhibitions\/on-refuge\/wp-content\/uploads\/2025\/09\/VAALA-logo-RGB-300x94.png 300w, https:\/\/vaala.org\/art-exhibitions\/on-refuge\/wp-content\/uploads\/2025\/09\/VAALA-logo-RGB-768x241.png 768w, https:\/\/vaala.org\/art-exhibitions\/on-refuge\/wp-content\/uploads\/2025\/09\/VAALA-logo-RGB-1536x483.png 1536w, https:\/\/vaala.org\/art-exhibitions\/on-refuge\/wp-content\/uploads\/2025\/09\/VAALA-logo-RGB-1200x377.png 1200w, https:\/\/vaala.org\/art-exhibitions\/on-refuge\/wp-content\/uploads\/2025\/09\/VAALA-logo-RGB-900x283.png 900w, https:\/\/vaala.org\/art-exhibitions\/on-refuge\/wp-content\/uploads\/2025\/09\/VAALA-logo-RGB-400x126.png 400w, https:\/\/vaala.org\/art-exhibitions\/on-refuge\/wp-content\/uploads\/2025\/09\/VAALA-logo-RGB.png 1668w\" sizes=\"(max-width: 1024px) 100vw, 1024px\" \/><\/figure><\/div><\/div>\n\n\n\n<div class=\"wp-block-column is-layout-flow wp-block-column-is-layout-flow\"><\/div>\n<\/div>\n","protected":false},"excerpt":{"rendered":"","protected":false},"author":1,"featured_media":0,"parent":0,"menu_order":0,"comment_status":"closed","ping_status":"closed","template":"page-templates\/no-title.php","meta":{"_acf_changed":false,"_coblocks_attr":"","_coblocks_dimensions":"","_coblocks_responsive_height":"","_coblocks_accordion_ie_support":"","footnotes":""},"acf":[],"_links":{"self":[{"href":"https:\/\/vaala.org\/art-exhibitions\/on-refuge\/wp-json\/wp\/v2\/pages\/28"}],"collection":[{"href":"https:\/\/vaala.org\/art-exhibitions\/on-refuge\/wp-json\/wp\/v2\/pages"}],"about":[{"href":"https:\/\/vaala.org\/art-exhibitions\/on-refuge\/wp-json\/wp\/v2\/types\/page"}],"author":[{"embeddable":true,"href":"https:\/\/vaala.org\/art-exhibitions\/on-refuge\/wp-json\/wp\/v2\/users\/1"}],"replies":[{"embeddable":true,"href":"https:\/\/vaala.org\/art-exhibitions\/on-refuge\/wp-json\/wp\/v2\/comments?post=28"}],"version-history":[{"count":378,"href":"https:\/\/vaala.org\/art-exhibitions\/on-refuge\/wp-json\/wp\/v2\/pages\/28\/revisions"}],"predecessor-version":[{"id":2564,"href":"https:\/\/vaala.org\/art-exhibitions\/on-refuge\/wp-json\/wp\/v2\/pages\/28\/revisions\/2564"}],"wp:attachment":[{"href":"https:\/\/vaala.org\/art-exhibitions\/on-refuge\/wp-json\/wp\/v2\/media?parent=28"}],"curies":[{"name":"wp","href":"https:\/\/api.w.org\/{rel}","templated":true}]}}